{"id":5277,"date":"2025-03-12T14:25:16","date_gmt":"2025-03-12T14:25:16","guid":{"rendered":"https:\/\/baumerinspection-presenter.com\/1bvde_05handelspartner-europa\/"},"modified":"2025-05-16T07:30:41","modified_gmt":"2025-05-16T07:30:41","slug":"1bvde_05handelspartner-europa","status":"publish","type":"page","link":"https:\/\/baumerinspection-presenter.com\/en\/1bvde_05handelspartner-europa\/","title":{"rendered":"1BVDE_05Handelspartner Europa"},"content":{"rendered":"\t\t<div data-elementor-type=\"wp-page\" data-elementor-id=\"5277\" class=\"elementor elementor-5277 elementor-3062\" data-elementor-post-type=\"page\">\n\t\t\t\t<div class=\"elementor-element elementor-element-6fe52a5d flex-1 e-flex e-con-boxed e-con e-parent\" data-id=\"6fe52a5d\" data-element_type=\"container\" data-e-type=\"container\">\n\t\t\t\t\t<div class=\"e-con-inner\">\n\t\t<div class=\"elementor-element elementor-element-6e39d789 e-grid e-con-full flex-1 e-con e-child\" data-id=\"6e39d789\" data-element_type=\"container\" data-e-type=\"container\">\n\t\t<div class=\"elementor-element elementor-element-4bd3c594 e-con-full e-flex e-con e-child\" data-id=\"4bd3c594\" data-element_type=\"container\" data-e-type=\"container\" data-settings=\"{&quot;background_background&quot;:&quot;classic&quot;}\">\n\t\t\t\t<div class=\"elementor-element elementor-element-6ed1cf6c elementor-widget elementor-widget-heading\" data-id=\"6ed1cf6c\" data-element_type=\"widget\" data-e-type=\"widget\" data-widget_type=\"heading.default\">\n\t\t\t\t<div class=\"elementor-widget-container\">\n\t\t\t\t\t<h1 class=\"elementor-heading-title elementor-size-default\">Europe<\/h1>\t\t\t\t<\/div>\n\t\t\t\t<\/div>\n\t\t\t\t<\/div>\n\t\t<div class=\"elementor-element elementor-element-fdbe064 e-con-full e-flex e-con e-child\" data-id=\"fdbe064\" data-element_type=\"container\" data-e-type=\"container\" data-settings=\"{&quot;background_background&quot;:&quot;classic&quot;}\">\n\t\t<div class=\"elementor-element elementor-element-fe26c20 e-con-full e-flex e-con e-child\" data-id=\"fe26c20\" data-element_type=\"container\" data-e-type=\"container\">\n\t\t<div class=\"elementor-element elementor-element-e61bf4a e-grid e-con-full e-con e-child\" data-id=\"e61bf4a\" data-element_type=\"container\" data-e-type=\"container\">\n\t\t<div class=\"elementor-element elementor-element-ec1e16c e-con-full e-flex e-con e-child\" data-id=\"ec1e16c\" data-element_type=\"container\" data-e-type=\"container\">\n\t\t\t\t<div class=\"elementor-element elementor-element-792c26d elementor-widget__width-initial elementor-widget elementor-widget-image\" data-id=\"792c26d\" data-element_type=\"widget\" data-e-type=\"widget\" data-widget_type=\"image.default\">\n\t\t\t\t<div class=\"elementor-widget-container\">\n\t\t\t\t\t\t\t\t\t\t\t\t\t\t\t<img fetchpriority=\"high\" decoding=\"async\" width=\"233\" height=\"234\" src=\"https:\/\/baumerinspection-presenter.com\/wp-content\/uploads\/2025\/05\/Tuerkei.png\" class=\"attachment-large size-large wp-image-5450\" alt=\"\" srcset=\"https:\/\/baumerinspection-presenter.com\/wp-content\/uploads\/2025\/05\/Tuerkei.png 233w, https:\/\/baumerinspection-presenter.com\/wp-content\/uploads\/2025\/05\/Tuerkei-150x150.png 150w\" sizes=\"(max-width: 233px) 100vw, 233px\" \/>\t\t\t\t\t\t\t\t\t\t\t\t\t\t\t<\/div>\n\t\t\t\t<\/div>\n\t\t\t\t<div class=\"elementor-element elementor-element-f2fc56b elementor-widget elementor-widget-text-editor\" data-id=\"f2fc56b\" data-element_type=\"widget\" data-e-type=\"widget\" data-widget_type=\"text-editor.default\">\n\t\t\t\t<div class=\"elementor-widget-container\">\n\t\t\t\t\t\t\t\t\t<strong>HANEX<\/strong>\n<br>Mr. Mehmet Tarakci\n<br>Cevizli Mah. Ba\u011fdat\n<br>Caddesi No 520\u2013526 \n<br>Premium Dragos \n<br>Kat: 4 Nr: 45\n<br>34846 Maltepe, T\u00fcrkei\n<br>mehmettarakci@hanex.com.tr\t\t\t\t\t\t\t\t<\/div>\n\t\t\t\t<\/div>\n\t\t\t\t<\/div>\n\t\t<div class=\"elementor-element elementor-element-f2efa69 e-con-full e-flex e-con e-child\" data-id=\"f2efa69\" data-element_type=\"container\" data-e-type=\"container\">\n\t\t\t\t<div class=\"elementor-element elementor-element-684ea72 elementor-widget__width-initial elementor-widget elementor-widget-image\" data-id=\"684ea72\" data-element_type=\"widget\" data-e-type=\"widget\" data-widget_type=\"image.default\">\n\t\t\t\t<div class=\"elementor-widget-container\">\n\t\t\t\t\t\t\t\t\t\t\t\t\t\t\t<img decoding=\"async\" width=\"233\" height=\"233\" src=\"https:\/\/baumerinspection-presenter.com\/wp-content\/uploads\/2025\/05\/Litauen.png\" class=\"attachment-large size-large wp-image-5452\" alt=\"\" srcset=\"https:\/\/baumerinspection-presenter.com\/wp-content\/uploads\/2025\/05\/Litauen.png 233w, https:\/\/baumerinspection-presenter.com\/wp-content\/uploads\/2025\/05\/Litauen-150x150.png 150w\" sizes=\"(max-width: 233px) 100vw, 233px\" \/>\t\t\t\t\t\t\t\t\t\t\t\t\t\t\t<\/div>\n\t\t\t\t<\/div>\n\t\t\t\t<div class=\"elementor-element elementor-element-e49875a elementor-widget elementor-widget-text-editor\" data-id=\"e49875a\" data-element_type=\"widget\" data-e-type=\"widget\" data-widget_type=\"text-editor.default\">\n\t\t\t\t<div class=\"elementor-widget-container\">\n\t\t\t\t\t\t\t\t\t<strong>Lintera &#8211; bald\u0173 technologijos UAB<\/strong><br>Mr. Arunas Razma<br>Ukmerg\u0117s g. 281<br>06318 Vilnius, Litauen<br>arunas.razma@lintera.lt\t\t\t\t\t\t\t\t<\/div>\n\t\t\t\t<\/div>\n\t\t\t\t<\/div>\n\t\t<div class=\"elementor-element elementor-element-31e7dc0 e-con-full e-flex e-con e-child\" data-id=\"31e7dc0\" data-element_type=\"container\" data-e-type=\"container\">\n\t\t\t\t<div class=\"elementor-element elementor-element-a17166d elementor-widget__width-initial elementor-widget elementor-widget-image\" data-id=\"a17166d\" data-element_type=\"widget\" data-e-type=\"widget\" data-widget_type=\"image.default\">\n\t\t\t\t<div class=\"elementor-widget-container\">\n\t\t\t\t\t\t\t\t\t\t\t\t\t\t\t<img decoding=\"async\" width=\"233\" height=\"233\" src=\"https:\/\/baumerinspection-presenter.com\/wp-content\/uploads\/2025\/05\/Deutschland.png\" class=\"attachment-large size-large wp-image-5448\" alt=\"\" srcset=\"https:\/\/baumerinspection-presenter.com\/wp-content\/uploads\/2025\/05\/Deutschland.png 233w, https:\/\/baumerinspection-presenter.com\/wp-content\/uploads\/2025\/05\/Deutschland-150x150.png 150w\" sizes=\"(max-width: 233px) 100vw, 233px\" \/>\t\t\t\t\t\t\t\t\t\t\t\t\t\t\t<\/div>\n\t\t\t\t<\/div>\n\t\t\t\t<div class=\"elementor-element elementor-element-73c57eb elementor-widget elementor-widget-text-editor\" data-id=\"73c57eb\" data-element_type=\"widget\" data-e-type=\"widget\" data-widget_type=\"text-editor.default\">\n\t\t\t\t<div class=\"elementor-widget-container\">\n\t\t\t\t\t\t\t\t\t<p><b>Deutschland &amp; Rest Baumer Inspection<\/b><br>Lohnerhofstrasse 6<br>78467 Konstanz<br>Deutschland<\/p>\t\t\t\t\t\t\t\t<\/div>\n\t\t\t\t<\/div>\n\t\t\t\t<\/div>\n\t\t<div class=\"elementor-element elementor-element-7f6c727 e-con-full e-flex e-con e-child\" data-id=\"7f6c727\" data-element_type=\"container\" data-e-type=\"container\">\n\t\t\t\t<\/div>\n\t\t\t\t<\/div>\n\t\t\t\t<\/div>\n\t\t\t\t<\/div>\n\t\t\t\t<\/div>\n\t\t\t\t\t<\/div>\n\t\t\t\t<\/div>\n\t\t<div class=\"elementor-element elementor-element-233f51c3 e-grid e-con-boxed e-con e-parent\" data-id=\"233f51c3\" data-element_type=\"container\" data-e-type=\"container\" data-settings=\"{&quot;background_background&quot;:&quot;classic&quot;}\">\n\t\t\t\t\t<div class=\"e-con-inner\">\n\t\t<div class=\"elementor-element elementor-element-16ff79ce e-con-full e-flex e-con e-child\" data-id=\"16ff79ce\" data-element_type=\"container\" data-e-type=\"container\">\n\t\t\t\t<div class=\"elementor-element elementor-element-436baa16 elementor-widget elementor-widget-button\" data-id=\"436baa16\" data-element_type=\"widget\" data-e-type=\"widget\" data-widget_type=\"button.default\">\n\t\t\t\t<div class=\"elementor-widget-container\">\n\t\t\t\t\t\t\t\t\t<div class=\"elementor-button-wrapper\">\n\t\t\t\t\t<a class=\"elementor-button elementor-button-link elementor-size-sm\" href=\"https:\/\/baumerinspection-presenter.com\/en\/1bvde_05handelspartner\/\">\n\t\t\t\t\t\t<span class=\"elementor-button-content-wrapper\">\n\t\t\t\t\t\t<span class=\"elementor-button-icon\">\n\t\t\t\t<svg aria-hidden=\"true\" class=\"e-font-icon-svg e-fas-atlas\" viewBox=\"0 0 448 512\" xmlns=\"http:\/\/www.w3.org\/2000\/svg\"><path d=\"M318.38 208h-39.09c-1.49 27.03-6.54 51.35-14.21 70.41 27.71-13.24 48.02-39.19 53.3-70.41zm0-32c-5.29-31.22-25.59-57.17-53.3-70.41 7.68 19.06 12.72 43.38 14.21 70.41h39.09zM224 97.31c-7.69 7.45-20.77 34.42-23.43 78.69h46.87c-2.67-44.26-15.75-71.24-23.44-78.69zm-41.08 8.28c-27.71 13.24-48.02 39.19-53.3 70.41h39.09c1.49-27.03 6.53-51.35 14.21-70.41zm0 172.82c-7.68-19.06-12.72-43.38-14.21-70.41h-39.09c5.28 31.22 25.59 57.17 53.3 70.41zM247.43 208h-46.87c2.66 44.26 15.74 71.24 23.43 78.69 7.7-7.45 20.78-34.43 23.44-78.69zM448 358.4V25.6c0-16-9.6-25.6-25.6-25.6H96C41.6 0 0 41.6 0 96v320c0 54.4 41.6 96 96 96h326.4c12.8 0 25.6-9.6 25.6-25.6v-16c0-6.4-3.2-12.8-9.6-19.2-3.2-16-3.2-60.8 0-73.6 6.4-3.2 9.6-9.6 9.6-19.2zM224 64c70.69 0 128 57.31 128 128s-57.31 128-128 128S96 262.69 96 192 153.31 64 224 64zm160 384H96c-19.2 0-32-12.8-32-32s16-32 32-32h288v64z\"><\/path><\/svg>\t\t\t<\/span>\n\t\t\t\t\t\t\t\t<\/span>\n\t\t\t\t\t<\/a>\n\t\t\t\t<\/div>\n\t\t\t\t\t\t\t\t<\/div>\n\t\t\t\t<\/div>\n\t\t\t\t<\/div>\n\t\t\t\t\t<\/div>\n\t\t\t\t<\/div>\n\t\t\t\t<\/div>\n\t\t","protected":false},"excerpt":{"rendered":"<p>Europe HANEX Mr. Mehmet Tarakci Cevizli Mah. Ba\u011fdat Caddesi No 520\u2013526 Premium Dragos Kat: 4 Nr: 45 34846 Maltepe, T\u00fcrkei mehmettarakci@hanex.com.tr Lintera &#8211; bald\u0173 technologijos UABMr. Arunas RazmaUkmerg\u0117s g. 28106318 Vilnius, Litauenarunas.razma@lintera.lt Deutschland &amp; Rest Baumer InspectionLohnerhofstrasse 678467 KonstanzDeutschland<\/p>\n","protected":false},"author":3,"featured_media":0,"parent":0,"menu_order":0,"comment_status":"closed","ping_status":"closed","template":"","meta":{"footnotes":""},"class_list":["post-5277","page","type-page","status-publish","hentry"],"_links":{"self":[{"href":"https:\/\/baumerinspection-presenter.com\/en\/wp-json\/wp\/v2\/pages\/5277","targetHints":{"allow":["GET"]}}],"collection":[{"href":"https:\/\/baumerinspection-presenter.com\/en\/wp-json\/wp\/v2\/pages"}],"about":[{"href":"https:\/\/baumerinspection-presenter.com\/en\/wp-json\/wp\/v2\/types\/page"}],"author":[{"embeddable":true,"href":"https:\/\/baumerinspection-presenter.com\/en\/wp-json\/wp\/v2\/users\/3"}],"replies":[{"embeddable":true,"href":"https:\/\/baumerinspection-presenter.com\/en\/wp-json\/wp\/v2\/comments?post=5277"}],"version-history":[{"count":16,"href":"https:\/\/baumerinspection-presenter.com\/en\/wp-json\/wp\/v2\/pages\/5277\/revisions"}],"predecessor-version":[{"id":6073,"href":"https:\/\/baumerinspection-presenter.com\/en\/wp-json\/wp\/v2\/pages\/5277\/revisions\/6073"}],"wp:attachment":[{"href":"https:\/\/baumerinspection-presenter.com\/en\/wp-json\/wp\/v2\/media?parent=5277"}],"curies":[{"name":"wp","href":"https:\/\/api.w.org\/{rel}","templated":true}]}}